{"id":18,"date":"2013-12-11T01:49:58","date_gmt":"2013-12-11T01:49:58","guid":{"rendered":"http:\/\/themes.elmastudio.de\/moka\/?page_id=18"},"modified":"2013-12-13T12:52:17","modified_gmt":"2013-12-13T12:52:17","slug":"about","status":"publish","type":"page","link":"https:\/\/themes.elmastudio.de\/moka\/about\/","title":{"rendered":"About Us"},"content":{"rendered":"<p>Hi, we are Ellen and Manuel, two web designer, WordPress theme developer, freelancer and blogger from Germany, visit our website at <a href=\"http:\/\/www.elmastudio.de\/en\/\">www.elmastudio.de<\/a>. We love creative work, the daily little challenges of our web worker lifestyle, coffee green tea and dark chocolate, getting inspired by art, design and life itself, blogging, traveling, vegan Thai food and lots of adventures.<\/p>\n<div id=\"attachment_218\" style=\"width: 730px\" class=\"wp-caption alignnone\"><img loading=\"lazy\" decoding=\"async\" aria-describedby=\"caption-attachment-218\" src=\"https:\/\/themes.elmastudio.de\/moka\/files\/2013\/12\/Hachiko.jpg\" alt=\"Ellen &amp; Manuel visiting the Hachik\u014d statue in Tokyo in September, 2013.\" width=\"720\" height=\"960\" class=\"size-full wp-image-218\" srcset=\"https:\/\/themes.elmastudio.de\/moka\/files\/2013\/12\/Hachiko.jpg 720w, https:\/\/themes.elmastudio.de\/moka\/files\/2013\/12\/Hachiko-450x600.jpg 450w, https:\/\/themes.elmastudio.de\/moka\/files\/2013\/12\/Hachiko-360x480.jpg 360w\" sizes=\"(max-width: 720px) 100vw, 720px\" \/><p id=\"caption-attachment-218\" class=\"wp-caption-text\">Ellen &#038; Manuel visiting the Hachik\u014d statue in Tokyo in September, 2013.<\/p><\/div>\n<h4>Just tell a little bit more about yourself here<\/h4>\n<p>Liquorice biscuit tiramisu macaroon icing dessert chocolate apple pie sesame snaps. Candy canes lemon drops pastry jelly beans croissant cotton candy chupa chups. Macaroon icing cookie brownie applicake jelly cheesecake. Sesame snaps sesame snaps sweet roll souffl\u00e9 jelly beans. Sweet roll cotton candy tart souffl\u00e9 pastry souffl\u00e9. Bear claw donut bonbon gingerbread oat cake jelly drag\u00e9e tootsie roll. Croissant cupcake caramels gummi bears powder macaroon jelly-o jelly beans lollipop. Sesame snaps unerdwear.com icing cupcake gingerbread tart pudding sesame snaps. Fruitcake pie icing topping biscuit pudding. Macaroon pudding chocolate gummi bears unerdwear.com liquorice bonbon. Drag\u00e9e cupcake ice cream applicake marshmallow jelly-o. Drag\u00e9e apple pie marshmallow pudding apple pie macaroon gummies. Chocolate jelly pie sesame snaps macaroon muffin unerdwear.com.<\/p>\n<h4>What you love and what you do<\/h4>\n<p>Bear claw jujubes brownie cheesecake bonbon liquorice. Cotton candy carrot cake candy canes gingerbread halvah jelly donut donut cake. Marshmallow ice cream carrot cake cake sweet sugar plum. Candy canes biscuit gummi bears wafer gummies. Sweet sweet marzipan lollipop sweet chocolate bear claw biscuit apple pie. Muffin candy canes sweet tootsie roll oat cake sweet. Tart sugar plum bonbon. Icing dessert bear claw caramels bonbon marshmallow. Wafer tootsie roll halvah icing liquorice ice cream. Lemon drops applicake liquorice. Danish icing gingerbread jujubes gummies. Jelly souffl\u00e9 caramels cupcake gummies gingerbread tiramisu gummi bears. Sugar plum chocolate cake candy canes candy lemon drops pastry marzipan lemon drops caramels.<\/p>\n","protected":false},"excerpt":{"rendered":"<p>Hi, we are Ellen and Manuel, two web designer, WordPress theme developer, freelancer and blogger from Germany, visit our website at www.elmastudio.de. We love creative work, the daily little challenges of our web worker lifestyle, coffee green tea and dark chocolate, getting inspired by art,&hellip; <a class=\"read-more\" href=\"https:\/\/themes.elmastudio.de\/moka\/about\/\">Read more<\/a><\/p>\n","protected":false},"author":1,"featured_media":0,"parent":0,"menu_order":0,"comment_status":"closed","ping_status":"closed","template":"","meta":{"footnotes":""},"_links":{"self":[{"href":"https:\/\/themes.elmastudio.de\/moka\/wp-json\/wp\/v2\/pages\/18"}],"collection":[{"href":"https:\/\/themes.elmastudio.de\/moka\/wp-json\/wp\/v2\/pages"}],"about":[{"href":"https:\/\/themes.elmastudio.de\/moka\/wp-json\/wp\/v2\/types\/page"}],"author":[{"embeddable":true,"href":"https:\/\/themes.elmastudio.de\/moka\/wp-json\/wp\/v2\/users\/1"}],"replies":[{"embeddable":true,"href":"https:\/\/themes.elmastudio.de\/moka\/wp-json\/wp\/v2\/comments?post=18"}],"version-history":[{"count":0,"href":"https:\/\/themes.elmastudio.de\/moka\/wp-json\/wp\/v2\/pages\/18\/revisions"}],"wp:attachment":[{"href":"https:\/\/themes.elmastudio.de\/moka\/wp-json\/wp\/v2\/media?parent=18"}],"curies":[{"name":"wp","href":"https:\/\/api.w.org\/{rel}","templated":true}]}}