{"id":13,"date":"2013-12-11T01:49:14","date_gmt":"2013-12-11T01:49:14","guid":{"rendered":"http:\/\/themes.elmastudio.de\/moka\/?page_id=13"},"modified":"2013-12-12T20:51:22","modified_gmt":"2013-12-12T20:51:22","slug":"full-width","status":"publish","type":"page","link":"https:\/\/themes.elmastudio.de\/moka\/full-width\/","title":{"rendered":"A Full Width Page"},"content":{"rendered":"<p>You can choose the <ins>Full Width Page Template<\/ins> in your page admin are in <ins>Page Attibutes \/ Template<\/ins>. Tiramisu liquorice apple pie cookie pastry tart bear claw tart biscuit. Chocolate bar powder marzipan lemon drops lemon drops. Sugar plum lemon drops dessert candy. Chocolate cake icing cotton candy cake. Applicake muffin drag\u00e9e croissant chupa chups sugar plum pudding cookie. Powder cookie cookie pastry candy canes candy canes sugar plum souffl\u00e9 chocolate bar. Pie pastry chocolate bar. Pastry wafer unerdwear.com sesame snaps gummi bears ice cream. Brownie halvah candy apple pie jelly beans unerdwear.com icing brownie lemon drops. Gummies lollipop lollipop carrot cake sesame snaps pastry. Brownie powder donut powder jelly-o muffin halvah tart. Sesame snaps applicake unerdwear.com icing marzipan bear claw.<\/p>\n<h3>This is a h3 Heading<\/h3>\n<p>Muffin powder bear claw danish brownie souffl\u00e9 sweet roll chocolate cake. Unerdwear.com jujubes ice cream tart. Chocolate chocolate cake lemon drops lemon drops tart ice cream pastry carrot cake. Jelly beans liquorice tootsie roll macaroon tart pie muffin. Candy canes icing danish icing bear claw. Gingerbread croissant macaroon jelly-o. Candy canes gingerbread bonbon muffin sweet roll. Muffin carrot cake oat cake caramels oat cake. Drag\u00e9e marshmallow gummies souffl\u00e9 cotton candy. Drag\u00e9e unerdwear.com gummies unerdwear.com. Pudding icing candy gummi bears brownie bonbon. Halvah cupcake dessert jelly beans carrot cake. Cheesecake halvah cookie. Chocolate wafer apple pie.<\/p>\n<p>Jelly-o donut cotton candy drag\u00e9e gummies sweet gummi bears. Icing tiramisu donut cotton candy lollipop tiramisu sweet. Liquorice chocolate bar toffee cheesecake sesame snaps caramels sugar plum applicake jelly-o. Pie lollipop fruitcake powder bear claw chupa chups jujubes jelly-o jelly. Bonbon ice cream applicake fruitcake. Fruitcake pastry carrot cake marzipan sweet roll carrot cake. Carrot cake caramels ice cream. Apple pie cake chocolate. Lollipop liquorice halvah muffin lemon drops. Liquorice chocolate cake cheesecake pastry chocolate bear claw tiramisu. Souffl\u00e9 halvah applicake brownie applicake cupcake powder. Danish caramels unerdwear.com jelly lollipop cotton candy muffin brownie sweet. Donut pie biscuit tiramisu cotton candy apple pie. Apple pie pastry unerdwear.com fruitcake chupa chups danish croissant tart.<\/p>\n<h4>And also a h4 Heading just for Testing<\/h4>\n<p>Gummi bears cheesecake cookie fruitcake gummi bears ice cream lollipop liquorice. Jelly beans unerdwear.com pastry caramels souffl\u00e9. Croissant marzipan ice cream donut tiramisu croissant ice cream gummies. Cheesecake drag\u00e9e tart liquorice chocolate bar lemon drops sesame snaps sweet roll. Donut sugar plum cotton candy dessert applicake sweet roll dessert. Topping pie dessert. Sweet caramels pastry bonbon. Brownie danish souffl\u00e9 tart. Pastry drag\u00e9e muffin icing sugar plum marzipan cookie chocolate bar drag\u00e9e. Pastry marzipan wafer tiramisu drag\u00e9e candy fruitcake. Halvah sweet roll sweet roll topping powder tiramisu chocolate bonbon. Powder carrot cake chocolate bar chupa chups muffin. Icing jelly sweet roll. Gummi bears brownie powder wafer brownie sweet roll chupa chups.<\/p>\n<p>Halvah souffl\u00e9 sesame snaps toffee. Icing biscuit topping biscuit. Fruitcake icing oat cake ice cream chocolate bar toffee bear claw chocolate. Bonbon gingerbread jelly bear claw pastry oat cake cake dessert. Apple pie sugar plum ice cream. Pastry unerdwear.com macaroon apple pie sweet roll apple pie marshmallow chocolate bar wafer. Drag\u00e9e ice cream marshmallow muffin marzipan gummi bears topping apple pie sesame snaps. Chupa chups topping bear claw lollipop tart chocolate marzipan candy. Sugar plum bonbon carrot cake sesame snaps cake croissant macaroon gummies wafer. Gummi bears caramels dessert jelly. Cotton candy marzipan lollipop. Donut icing marzipan lollipop wafer halvah tiramisu pie oat cake. Powder bonbon cupcake muffin. Lollipop cookie carrot cake tart candy cupcake.<\/p>\n","protected":false},"excerpt":{"rendered":"<p>You can choose the Full Width Page Template in your page admin are in Page Attibutes \/ Template. Tiramisu liquorice apple pie cookie pastry tart bear claw tart biscuit. Chocolate bar powder marzipan lemon drops lemon drops. Sugar plum lemon drops dessert candy. Chocolate cake&hellip; <a class=\"read-more\" href=\"https:\/\/themes.elmastudio.de\/moka\/full-width\/\">Read more<\/a><\/p>\n","protected":false},"author":1,"featured_media":0,"parent":0,"menu_order":0,"comment_status":"closed","ping_status":"closed","template":"page-templates\/full-width.php","meta":{"footnotes":""},"_links":{"self":[{"href":"https:\/\/themes.elmastudio.de\/moka\/wp-json\/wp\/v2\/pages\/13"}],"collection":[{"href":"https:\/\/themes.elmastudio.de\/moka\/wp-json\/wp\/v2\/pages"}],"about":[{"href":"https:\/\/themes.elmastudio.de\/moka\/wp-json\/wp\/v2\/types\/page"}],"author":[{"embeddable":true,"href":"https:\/\/themes.elmastudio.de\/moka\/wp-json\/wp\/v2\/users\/1"}],"replies":[{"embeddable":true,"href":"https:\/\/themes.elmastudio.de\/moka\/wp-json\/wp\/v2\/comments?post=13"}],"version-history":[{"count":0,"href":"https:\/\/themes.elmastudio.de\/moka\/wp-json\/wp\/v2\/pages\/13\/revisions"}],"wp:attachment":[{"href":"https:\/\/themes.elmastudio.de\/moka\/wp-json\/wp\/v2\/media?parent=13"}],"curies":[{"name":"wp","href":"https:\/\/api.w.org\/{rel}","templated":true}]}}