{"id":15,"date":"2015-03-26T22:48:05","date_gmt":"2015-03-26T22:48:05","guid":{"rendered":"http:\/\/themes.elmastudio.de\/blackwalnut\/?page_id=15"},"modified":"2015-04-28T08:14:53","modified_gmt":"2015-04-28T08:14:53","slug":"menu","status":"publish","type":"page","link":"https:\/\/themes.elmastudio.de\/blackwalnut\/menu\/","title":{"rendered":"Our Menus"},"content":{"rendered":"<p class=\"intro\">Try Beautiful Healthy Food Today<\/p>\n<p class=\"note\">To create a Menus page just copy and paste the HTML code from <a href=\"https:\/\/themes.elmastudio.de\/blackwalnut\/menus-code\/\">this code example page<\/a> into any page (using the text editor) with the Menu Page template. Now you only have to include your own content.<\/p>\n<div class=\"three-columns-one\">\n<h3>Breakfast<\/h3>\n<h4>Summer A\u00e7a\u00ed Superfood Breakfast Bowl<\/h4>\n<p>Amazing A\u00e7a\u00ed smoothie bowl with raw cacao nibs and fresh fruits of the season.<br \/>\n<span class=\"price\">\u20ac15<\/span><\/p>\n<h4>Blueberry Waffles with Cashew Cream<\/h4>\n<p>Fresh, home-made waffles with raw, vegan Cashew Cream (secret recipe).<br \/>\n<span class=\"price\">\u20ac12<\/span><\/p>\n<h4>Raw Chocolate Smoothie<\/h4>\n<p>A yummy treat to get your day started, you don&#8217;t want to stay without it.<br \/>\n<span class=\"price\">\u20ac8<\/span><\/p>\n<h4>The Best Birchler Muesli Bowl in Town<\/h4>\n<p>Our special coconut yogurt, organic birchler muesli cereal and fresh fruits on the side.<br \/>\n<span class=\"price\">\u20ac12<\/span>\n<\/div>\n<div class=\"three-columns-one\">\n<h3>Lunch<\/h3>\n<h4>Raw, Vegan Pizza with rucola and Parmesan<\/h4>\n<p>\u00bb Summer Special \u00ab<br \/>\nTry out our amazing summer special, this raw pizza with leave you wanting for more.<br \/>\n<span class=\"price\">\u20ac18<\/span><\/p>\n<h4>The Buddha Bowl<\/h4>\n<p>Treat yourself to a plate of goodness with our Buddha bowl of fresh vegetables, quinoa curry and greens on the side.<br \/>\n<span class=\"price\">\u20ac18<\/span><\/p>\n<h4>Coconut Curry Kandy-style<\/h4>\n<p>Get inspired by the exotic cuisine of Sri Lanka with our beautiful, creative lunch curry special.<br \/>\n<span class=\"price\">\u20ac15<\/span><\/p>\n<h4>Super Green Salad<\/h4>\n<p>Need a green energy booster to get you through the day? Then try our super salad with lots of fresh, organic greens and spicy tumeric, lemon dressing.<br \/>\n<span class=\"price\">\u20ac16<\/span>\n<\/div>\n<div class=\"three-columns-one last\">\n<h3>Dinner<\/h3>\n<h4>Raw Zucchini Zoodles Bowl<\/h4>\n<p>You just have to try this fresh, Italian yumminess of raw Zucchini noodles with the best tomato basil sauce you will ever find.<br \/>\n<span class=\"price\">\u20ac19<\/span><\/p>\n<h4>No-meat ball Burrito Wrap<\/h4>\n<p>Vegans don&#8217;t have to miss out on all the burrito fun, right! Try our delicious bean-base meat-ball (no soy or wheat) burrito goodness.<br \/>\n<span class=\"price\">\u20ac19<\/span><\/p>\n<h4>Thai-style Fresh Asian Salad<\/h4>\n<p>Missing the beach and beautiful food of Thailand? Have our Thai-style Mango rice noodle salad with fresh lime and chilli dressing.<br \/>\n<span class=\"price\">\u20ac19<\/span><\/p>\n<h4>Nacho Plate for Two<\/h4>\n<p>Our home-made nachos are a real treat by already. But wait until you try our famous Nacho plate with lots of spices, fresh guacamole, vegan cream cheese and yummy black bean salsa.<br \/>\n<span class=\"price\">\u20ac26<\/span>\n<\/div>\n<div class=\"border\"><\/div>\n<h2>Drinks<\/h2>\n<div class=\"two-columns-one\">\n<h3>Juices<\/h3>\n<h4>Uber Green<\/h4>\n<p><span class=\"price\">\u20ac7,50<\/span><\/p>\n<h4>Immunity Booster<\/h4>\n<p><span class=\"price\">\u20ac7,50<\/span><\/p>\n<h4>Eye Opener<\/h4>\n<p><span class=\"price\">\u20ac7,50<\/span><\/p>\n<h4>Ginger Lemon Greatness<\/h4>\n<p><span class=\"price\">\u20ac7,50<\/span><\/p>\n<h4>Fresh Cranberry Ginger Orange Punch<\/h4>\n<p><span class=\"price\">\u20ac8,50<\/span><\/p>\n<h4>Raw Pumpkin Spice Nog<\/h4>\n<p><span class=\"price\">\u20ac8,50<\/span>\n<\/div>\n<div class=\"two-columns-one last\">\n<h3>Smoothies<\/h3>\n<h4>Breakfast in a Glas<\/h4>\n<p><span class=\"price\">\u20ac8,50<\/span><\/p>\n<h4>Pineapple, Mango Fusion<\/h4>\n<p><span class=\"price\">\u20ac8,50<\/span><\/p>\n<h4>Green Power Smoothie<\/h4>\n<p><span class=\"price\">\u20ac8,50<\/span><\/p>\n<h4>A\u00e7a\u00ed Special Treat<\/h4>\n<p><span class=\"price\">\u20ac9<\/span><\/p>\n<h4>Raw Chocolate Superfood Smoothie<\/h4>\n<p><span class=\"price\">\u20ac9<\/span><\/p>\n<h4>Wheat Grass Power<\/h4>\n<p><span class=\"price\">\u20ac12<\/span>\n<\/div>\n<div class=\"divider\"><\/div>\n<p class=\"note\"><em>We don&#8217;t use meat, dairy or any other animal products in our kitchen. Our meals are also gluten and soy free. If you have any allergies against nuts, seeds or fruits please let us know and we can arrange a special meal for you.<\/em><\/p>\n","protected":false},"excerpt":{"rendered":"<p>Try Beautiful Healthy Food Today To create a Menus page just copy and paste the HTML code from this code example page into any page (using the text editor) with the Menu Page template. Now you only have to include your own content. Breakfast Summer A\u00e7a\u00ed Superfood Breakfast Bowl Amazing A\u00e7a\u00ed smoothie bowl with raw cacao nibs and fresh fruits of the season. \u20ac15 Blueberry &hellip;<\/p>\n","protected":false},"author":1,"featured_media":0,"parent":0,"menu_order":0,"comment_status":"closed","ping_status":"closed","template":"page-templates\/menu-page.php","meta":{"footnotes":""},"_links":{"self":[{"href":"https:\/\/themes.elmastudio.de\/blackwalnut\/wp-json\/wp\/v2\/pages\/15"}],"collection":[{"href":"https:\/\/themes.elmastudio.de\/blackwalnut\/wp-json\/wp\/v2\/pages"}],"about":[{"href":"https:\/\/themes.elmastudio.de\/blackwalnut\/wp-json\/wp\/v2\/types\/page"}],"author":[{"embeddable":true,"href":"https:\/\/themes.elmastudio.de\/blackwalnut\/wp-json\/wp\/v2\/users\/1"}],"replies":[{"embeddable":true,"href":"https:\/\/themes.elmastudio.de\/blackwalnut\/wp-json\/wp\/v2\/comments?post=15"}],"version-history":[{"count":0,"href":"https:\/\/themes.elmastudio.de\/blackwalnut\/wp-json\/wp\/v2\/pages\/15\/revisions"}],"wp:attachment":[{"href":"https:\/\/themes.elmastudio.de\/blackwalnut\/wp-json\/wp\/v2\/media?parent=15"}],"curies":[{"name":"wp","href":"https:\/\/api.w.org\/{rel}","templated":true}]}}